{"id":325,"date":"2021-06-14T12:34:43","date_gmt":"2021-06-14T10:34:43","guid":{"rendered":"https:\/\/www.eurosuole.com\/privacy-policy\/"},"modified":"2021-06-14T12:34:43","modified_gmt":"2021-06-14T10:34:43","slug":"privacy-policy","status":"publish","type":"page","link":"https:\/\/www.eurosuole.com\/en\/privacy-policy\/","title":{"rendered":"Privacy policy"},"content":{"rendered":"<p>In questa pagina si descrivono le modalit\u00e0 di trattamento dei dati personali degli utenti che consultano il sito web della EUROSUOLE S.P.A..<\/p>\n<p>L\u2019informativa \u00e8 resa ai sensi degli artt. 13 e 14 del Reg. Ue \u2013 Regolamento Europeo in materia di protezione dei dati personali a coloro che interagiscono con i servizi web dello EUROSUOLE S.P.A. accessibili per via telematica a partire dall\u2019indirizzo https:\/\/www.eurosuole.com corrispondente alla pagina iniziale, home page, del sito ufficiale dello stesso.<\/p>\n<p>Le presenti informazioni sono rese esclusivamente per questo sito web e non anche per altri siti web eventualmente consultabili dall\u2019utente tramite link.<\/p>\n<h3>Il &#8220;titolare&#8221; del trattamento<\/h3>\n<h4>Dati di navigazione<\/h4>\n<p>A seguito della consultazione di questo sito possono essere trattati dati relativi a persone fisiche identificate o identificabili. TITOLARE DEL TRATTAMENTO: EUROSUOLE S.P.A. Via Pertini, 8 62012 CIVITANOVA MARCHE (MC) Tel: 0733800111 E-mail: info@eurosuole.com<\/p>\n<h3>Tipologia di dati trattati<\/h3>\n<h4>Dati di navigazione<\/h4>\n<p>I sistemi informatici e le procedure software preposte al funzionamento di questo sito web acquisiscono, nel corso del loro normale esercizio, alcuni dati personali la cui trasmissione \u00e8 implicita nell\u2019uso dei protocolli di comunicazione di Internet. Si tratta di informazioni che non sono raccolte per essere associate a interessati identificati, ma che per loro stessa natura potrebbero, attraverso elaborazioni ed associazioni con dati detenuti da terzi, permettere di identificare gli utenti. In questa categoria di dati rientrano gli indirizzi IP o i nomi a dominio dei computer utilizzati dagli utenti che si connettono al sito, gli indirizzi in notazione URI\/URL (Uniform Resource Identifier\/Locator) delle risorse richieste, l\u2019orario della richiesta, il metodo utilizzato nel sottoporre la richiesta al server, la dimensione del file ottenuto in risposta, il codice numerico indicante lo stato della risposta data dal server (buon fine, errore, ecc.) ed altri parametri relativi al sistema operativo e all\u2019ambiente informatico dell\u2019utente.<\/p>\n<p>Questi dati vengono utilizzati al solo fine di ricavare informazioni statistiche anonime sull\u2019uso del sito e per controllarne il corretto funzionamento. I dati potrebbero essere utilizzati per l\u2019accertamento di responsabilit\u00e0 in caso di ipotetici reati informatici ai danni del sito: salva questa eventualit\u00e0.<\/p>\n<h4>Dati forniti volontariamente dall\u2019utente<\/h4>\n<p>Consultando il sito, vi \u00e8 la possibilit\u00e0 per l\u2019utente di effettuare invii facoltativi, espliciti e volontari di posta elettronica agli indirizzi indicati e di compilare form di richiesta contatti ed informazioni o di inviare curriculum vitae. Tali atti volontari comportano la successiva acquisizione dei dati personali volontariamente inseriti dall\u2019utente.<\/p>\n<h3>Finalita\u2019 e connesse basi giuridiche del trattamento di dati personali<\/h3>\n<p>I dati personali dell\u2019utente, adeguati, pertinenti e limitati a quanto necessario, saranno trattati da parte della EUROSUOLE S.P.A. in modo lecito, corretto e trasparente nei Suoi confronti ed in maniera da garantire un\u2019adeguata sicurezza degli stessi per le seguenti finalit\u00e0:<\/p>\n<ul>\n<li>La tutela del patrimonio aziendale da parte di EUROSUOLE S.P.A., includente la gestione e la manutenzione del sito: la condizione di liceit\u00e0 \u00e8 la necessit\u00e0 di perseguire il legittimo interesse (tutela del patrimonio aziendale) del EUROSUOLE S.p.A., ai sensi dell\u2019art. 6, p. 1, l. f) del reg. (U.E.);<\/li>\n<li>La risposta via e-mail a richieste specifiche relative all\u2019attivit\u00e0 economica svolta dal EUROSUOLE S.p.A., in seguito alla Sua compilazione dello specifico form: la base giuridica \u00e8 il consenso prestato dall\u2019Interessato per una o pi\u00f9 specifiche finalit\u00e0, ai sensi dell\u2019art. 6, p. 1, l. a) del reg. (U.E.);<\/li>\n<li>La gestione del sito web di EUROSUOLE S.P.A., comprendente la manutenzione ordinaria e straordinaria dello stesso<\/li>\n<\/ul>\n<h3>Destinatari dei dati<\/h3>\n<p>Per quanto concerne i trattamenti dei Suoi dati personali svolti da EUROSUOLE S.P.A. per le finalit\u00e0 sopra elencate, i destinatari dei Suoi dati personali potranno essere:<\/p>\n<ul>\n<li>Dipendenti, collaboratori e\/o soci del EUROSUOLE S.p.A., in qualit\u00e0 di incaricati al trattamento dei dati personali, al fine di gestire le sue richieste, in quanto necessario all\u2019espletamento dei servizi da lei richiesti a EUROSUOLE S.P.A.: si precisa che tali soggetti sono debitamente formati circa le misure adeguate da adottare in materia di protezione dei dati personali;<\/li>\n<li>Soggetti esterni alla nostra struttura organizzativa, quali &#8211; a titolo esemplificativo &#8211; tecnici del sito web, in qualit\u00e0 di responsabili del trattamento dei dati personali, al fine di gestire il sito web, comprendendo la gestione e la manutenzione ordinaria e straordinaria dello stesso: si precisa che tali soggetti sono vincolati al EUROSUOLE S.p.A. da un apposito contratto prevedente misure adeguate da adottare per garantire la protezione dei dati personali a loro affidati.<\/li>\n<\/ul>\n<h3>Diritti degli interessati<\/h3>\n<p>Gli interessati hanno il diritto di ottenere da EUROSUOLE S.P.A., nei casi previsti, l&#8217;accesso ai propri dati personali e la rettifica o la cancellazione degli stessi o la limitazione del trattamento che li riguarda o di opporsi al trattamento (artt. 15 e ss. del Regolamento). L\u2019interessato potr\u00e0 avvalersi dei suoi diritti rivolgendo specifica richiesta al EUROSUOLE S.p.A. all\u2019indirizzo info@eurosuole.com.<\/p>\n<h3>Diritto di reclamo<\/h3>\n<p>Gli interessati che ritengono che il trattamento dei dati personali a loro riferiti effettuato attraverso questo sito avvenga in violazione di quanto previsto dal Regolamento hanno il diritto di proporre reclamo al Garante, come previsto dall&#8217;art. 77 del Regolamento stesso, o di adire le opportune sedi giudiziarie (art. 79 del Regolamento).<\/p>\n","protected":false},"excerpt":{"rendered":"<p>In questa pagina si descrivono le modalit\u00e0 di trattamento dei dati personali degli utenti che consultano il sito web della EUROSUOLE S.P.A.. L\u2019informativa \u00e8 resa ai sensi degli artt. 13 e 14 del Reg. Ue \u2013 Regolamento Europeo in materia di protezione dei dati personali a coloro che interagiscono con i servizi web dello EUROSUOLE &hellip; <a href=\"https:\/\/www.eurosuole.com\/en\/privacy-policy\/\">Continued<\/a><\/p>\n","protected":false},"author":1,"featured_media":0,"parent":0,"menu_order":0,"comment_status":"closed","ping_status":"closed","template":"views\/template-privacy.blade.php","meta":{"footnotes":""},"class_list":["post-325","page","type-page","status-publish","hentry"],"acf":[],"yoast_head":"<!-- This site is optimized with the Yoast SEO plugin v17.6 - https:\/\/yoast.com\/wordpress\/plugins\/seo\/ -->\n<title>Privacy policy - Eurosuole<\/title>\n<meta name=\"robots\" content=\"index, follow, max-snippet:-1, max-image-preview:large, max-video-preview:-1\" \/>\n<link rel=\"canonical\" href=\"https:\/\/www.eurosuole.com\/en\/privacy-policy\/\" \/>\n<meta property=\"og:locale\" content=\"en_US\" \/>\n<meta property=\"og:type\" content=\"article\" \/>\n<meta property=\"og:title\" content=\"Privacy policy - Eurosuole\" \/>\n<meta property=\"og:description\" content=\"In questa pagina si descrivono le modalit\u00e0 di trattamento dei dati personali degli utenti che consultano il sito web della EUROSUOLE S.P.A.. L\u2019informativa \u00e8 resa ai sensi degli artt. 13 e 14 del Reg. Ue \u2013 Regolamento Europeo in materia di protezione dei dati personali a coloro che interagiscono con i servizi web dello EUROSUOLE &hellip; Continued\" \/>\n<meta property=\"og:url\" content=\"https:\/\/www.eurosuole.com\/en\/privacy-policy\/\" \/>\n<meta property=\"og:site_name\" content=\"Eurosuole\" \/>\n<meta name=\"twitter:card\" content=\"summary_large_image\" \/>\n<meta name=\"twitter:label1\" content=\"Est. reading time\" \/>\n\t<meta name=\"twitter:data1\" content=\"4 minutes\" \/>\n<script type=\"application\/ld+json\" class=\"yoast-schema-graph\">{\"@context\":\"https:\/\/schema.org\",\"@graph\":[{\"@type\":\"WebSite\",\"@id\":\"https:\/\/www.eurosuole.com\/#website\",\"url\":\"https:\/\/www.eurosuole.com\/\",\"name\":\"Eurosuole\",\"description\":\"Un nuovo sito targato WordPress\",\"potentialAction\":[{\"@type\":\"SearchAction\",\"target\":{\"@type\":\"EntryPoint\",\"urlTemplate\":\"https:\/\/www.eurosuole.com\/?s={search_term_string}\"},\"query-input\":\"required name=search_term_string\"}],\"inLanguage\":\"en-US\"},{\"@type\":\"WebPage\",\"@id\":\"https:\/\/www.eurosuole.com\/en\/privacy-policy\/#webpage\",\"url\":\"https:\/\/www.eurosuole.com\/en\/privacy-policy\/\",\"name\":\"Privacy policy - Eurosuole\",\"isPartOf\":{\"@id\":\"https:\/\/www.eurosuole.com\/#website\"},\"datePublished\":\"2021-06-14T10:34:43+00:00\",\"dateModified\":\"2021-06-14T10:34:43+00:00\",\"breadcrumb\":{\"@id\":\"https:\/\/www.eurosuole.com\/en\/privacy-policy\/#breadcrumb\"},\"inLanguage\":\"en-US\",\"potentialAction\":[{\"@type\":\"ReadAction\",\"target\":[\"https:\/\/www.eurosuole.com\/en\/privacy-policy\/\"]}]},{\"@type\":\"BreadcrumbList\",\"@id\":\"https:\/\/www.eurosuole.com\/en\/privacy-policy\/#breadcrumb\",\"itemListElement\":[{\"@type\":\"ListItem\",\"position\":1,\"name\":\"Home\",\"item\":\"https:\/\/www.eurosuole.com\/en\/\"},{\"@type\":\"ListItem\",\"position\":2,\"name\":\"Privacy policy\"}]}]}<\/script>\n<!-- \/ Yoast SEO plugin. -->","yoast_head_json":{"title":"Privacy policy - Eurosuole","robots":{"index":"index","follow":"follow","max-snippet":"max-snippet:-1","max-image-preview":"max-image-preview:large","max-video-preview":"max-video-preview:-1"},"canonical":"https:\/\/www.eurosuole.com\/en\/privacy-policy\/","og_locale":"en_US","og_type":"article","og_title":"Privacy policy - Eurosuole","og_description":"In questa pagina si descrivono le modalit\u00e0 di trattamento dei dati personali degli utenti che consultano il sito web della EUROSUOLE S.P.A.. L\u2019informativa \u00e8 resa ai sensi degli artt. 13 e 14 del Reg. Ue \u2013 Regolamento Europeo in materia di protezione dei dati personali a coloro che interagiscono con i servizi web dello EUROSUOLE &hellip; Continued","og_url":"https:\/\/www.eurosuole.com\/en\/privacy-policy\/","og_site_name":"Eurosuole","twitter_card":"summary_large_image","twitter_misc":{"Est. reading time":"4 minutes"},"schema":{"@context":"https:\/\/schema.org","@graph":[{"@type":"WebSite","@id":"https:\/\/www.eurosuole.com\/#website","url":"https:\/\/www.eurosuole.com\/","name":"Eurosuole","description":"Un nuovo sito targato WordPress","potentialAction":[{"@type":"SearchAction","target":{"@type":"EntryPoint","urlTemplate":"https:\/\/www.eurosuole.com\/?s={search_term_string}"},"query-input":"required name=search_term_string"}],"inLanguage":"en-US"},{"@type":"WebPage","@id":"https:\/\/www.eurosuole.com\/en\/privacy-policy\/#webpage","url":"https:\/\/www.eurosuole.com\/en\/privacy-policy\/","name":"Privacy policy - Eurosuole","isPartOf":{"@id":"https:\/\/www.eurosuole.com\/#website"},"datePublished":"2021-06-14T10:34:43+00:00","dateModified":"2021-06-14T10:34:43+00:00","breadcrumb":{"@id":"https:\/\/www.eurosuole.com\/en\/privacy-policy\/#breadcrumb"},"inLanguage":"en-US","potentialAction":[{"@type":"ReadAction","target":["https:\/\/www.eurosuole.com\/en\/privacy-policy\/"]}]},{"@type":"BreadcrumbList","@id":"https:\/\/www.eurosuole.com\/en\/privacy-policy\/#breadcrumb","itemListElement":[{"@type":"ListItem","position":1,"name":"Home","item":"https:\/\/www.eurosuole.com\/en\/"},{"@type":"ListItem","position":2,"name":"Privacy policy"}]}]}},"_links":{"self":[{"href":"https:\/\/www.eurosuole.com\/en\/wp-json\/wp\/v2\/pages\/325","targetHints":{"allow":["GET"]}}],"collection":[{"href":"https:\/\/www.eurosuole.com\/en\/wp-json\/wp\/v2\/pages"}],"about":[{"href":"https:\/\/www.eurosuole.com\/en\/wp-json\/wp\/v2\/types\/page"}],"author":[{"embeddable":true,"href":"https:\/\/www.eurosuole.com\/en\/wp-json\/wp\/v2\/users\/1"}],"replies":[{"embeddable":true,"href":"https:\/\/www.eurosuole.com\/en\/wp-json\/wp\/v2\/comments?post=325"}],"version-history":[{"count":0,"href":"https:\/\/www.eurosuole.com\/en\/wp-json\/wp\/v2\/pages\/325\/revisions"}],"wp:attachment":[{"href":"https:\/\/www.eurosuole.com\/en\/wp-json\/wp\/v2\/media?parent=325"}],"curies":[{"name":"wp","href":"https:\/\/api.w.org\/{rel}","templated":true}]}}