{"id":322,"date":"2021-07-09T10:00:29","date_gmt":"2021-07-09T08:00:29","guid":{"rendered":"https:\/\/www.eurosuole.com\/informativa-privacy-fornitori\/"},"modified":"2021-07-09T10:00:29","modified_gmt":"2021-07-09T08:00:29","slug":"informativa-privacy-fornitori","status":"publish","type":"page","link":"https:\/\/www.eurosuole.com\/en\/informativa-privacy-fornitori\/","title":{"rendered":"Informativa privacy fornitori"},"content":{"rendered":"<p>Gentile Fornitore,<\/p>\n<p>conformemente a quanto previsto dall\u2019art. 13 del reg. (U.E.) n. 679\/2016 del Parlamento europeo e del Consiglio del 27 aprile 2016, relativo alla protezione delle persone fisiche con riguardo al trattamento dei dati personali, nonch\u00e9 alla libera circolazione di tali dati &#8211; da qui in poi, reg. (U.E.) &#8211; Le forniamo le seguenti informazioni sul trattamento dei Suoi dati personali:<\/p>\n<p><strong>Dati di contatto del titolare del trattamento dei Suoi dati personali:<\/strong><\/p>\n<p>Il titolare del trattamento \u00e8 <strong>EUROSUOLE S.p.A.<\/strong>, avente sede legale in via <strong>Via S. Pertini, 8 &#8211; Zona industriale &#8220;A&#8221; <\/strong><strong>62012 CIVITANOVA MARCHE (MC)<\/strong>, contattabile al numero telefonico <strong>0733800111<\/strong> o all\u2019indirizzo e-mail \u2018<strong>info@eurosuole.com<\/strong>\u2019.<\/p>\n<p><strong>Decisione di nominare il responsabile della protezione dei dati personali:<\/strong><\/p>\n<p>Il titolare del trattamento ha deciso di non nominare il responsabile della protezione dei dati personali, in quanto <strong>EUROSUOLE S.p.A<\/strong>., oltre a non esservi obbligato secondo quanto previsto dall\u2019art. 37, pp. 1 e 4 del reg. (U.E.), ha valutato tale nomina come attualmente non necessaria.<\/p>\n<p><strong>Finalit\u00e0 e connesse basi giuridiche dei trattamenti dei Suoi dati personali:<\/strong><\/p>\n<p>I Suoi dati personali, adeguati, pertinenti e limitati a quanto necessario, saranno trattati da parte di <strong>EUROSUOLE <\/strong><strong>S.p.A.<\/strong> in modo lecito, corretto e trasparente ed in maniera da garantirne un\u2019adeguata sicurezza, per le seguenti finalit\u00e0:<\/p>\n<ul>\n<li>l\u2019esecuzione di attivit\u00e0 preliminari alla stipulazione di un contratto (prodotti e\/o servizi) tra Lei e EUROSUOLE S.p.A.: la condizione di liceit\u00e0 \u00e8 la necessit\u00e0 di eseguire misure precontrattuali adottate su richiesta dell\u2019Interessato, ai sensi dell\u2019art. 6, p. 1, l. b) del reg. (U.E.);<\/li>\n<li>\u00a0l\u2019esecuzione del contratto (prodotti e\/o servizi) stipulato tra Lei e EUROSUOLE S.p.A.: la condizione di liceit\u00e0 \u00e8 la necessit\u00e0 di eseguire un contratto di cui l\u2019Interessato \u00e8 parte, ai sensi dell\u2019art. 6, p. 1, l. b) del reg. (U.E.);<\/li>\n<li>\u00a0l\u2019adempimento a un obbligo civilistico e fiscale da parte del titolare del trattamento: la condizione di liceit\u00e0 \u00e8 la necessit\u00e0 di adempiere a un obbligo legale al quale \u00e8 soggetto il titolare del trattamento, ai sensi dell\u2019art. 6, p. 1, l. c) del reg. (U.E.);<\/li>\n<li>\u00a0l\u2019adempimento di un obbligo in materia di protezione dei dati personali e di qualsiasi altro obbligo sancito da una disposizione normativa cui \u00e8 soggetto il titolare del trattamento: la condizione di liceit\u00e0 \u00e8 la necessit\u00e0 di adempiere a un obbligo legale al quale \u00e8 soggetto il titolare del trattamento, ai sensi dell\u2019art. 6, p. 1, l. c) del reg. (U.E.);<\/li>\n<li>\u00a0l\u2019eventuale esercizio del diritto di difesa nei Suoi confronti da parte del titolare del trattamento: la condizione di liceit\u00e0 \u00e8 la necessit\u00e0 di perseguire il legittimo interesse (tutela legale) del titolare del trattamento, ai sensi dell\u2019art. 6, p. 1, l. f) del reg. (U.E.);<\/li>\n<li>\u00a0la tutela del patrimonio aziendale da parte del titolare del trattamento, includente la manutenzione degli hardware, la manutenzione dei software e la manutenzione della posta elettronica: la condizione di liceit\u00e0 \u00e8 la necessit\u00e0 di perseguire il legittimo interesse (tutela del patrimonio aziendale) del titolare del trattamento, ai sensi dell\u2019art. 6, p. 1, l. f) del reg. (U.E.).<\/li>\n<\/ul>\n<p><strong>Eventuali categorie di destinatari dei Suoi dati personali<\/strong><\/p>\n<p>Per quanto concerne il trattamento dei Suoi dati personali svolto da EUROSUOLE S.p.A. per le finalit\u00e0 sopra elencate, le eventuali categorie di destinatari dei Suoi dati personali potranno essere:<\/p>\n<ul>\n<li>Dipendenti, collaboratori, tirocinanti e amministratori di EUROSUOLE S.p.A., in qualit\u00e0 di incaricati al trattamento dei Suoi dati personali, al fine di eseguire attivit\u00e0 preliminari alla stipulazione di un contratto (prodotti e\/o servizi) e l\u2019eventuale esecuzione di quest\u2019ultimo, adempiere ad un obbligo civilistico e fiscale, adempiere ad un obbligo in materia di protezione dei dati personali e a qualsiasi altro obbligo sancito da una disposizione normativa cui \u00e8 soggetto il titolare del trattamento ed eventualmente tutelarsi legalmente nei Suoi confronti: si precisa che tutti tali soggetti sono debitamente formati circa le misure adeguate da adottare al fine di proteggere i Suoi dati personali, ai sensi dell\u2019art. 29 del reg. (U.E.);<\/li>\n<li>Soggetti esterni, in qualit\u00e0 di responsabili del trattamento dei Suoi dati personali, al fine di adempiere ad un obbligo civilistico e fiscale (es: commercialisti, esperti contabili, centri elaborazione dati);<\/li>\n<li>Soggetti esterni in qualit\u00e0 di responsabili del trattamento dei Suoi dati personali, al fine adempiere a un obbligo in materia di protezione dei dati personali e a qualsiasi altro obbligo sancito da una disposizione normativa cui \u00e8 soggetto il titolare del trattamento (es: societ\u00e0 e consulenti di settore);<\/li>\n<li>Soggetti esterni, al fine di fornire assistenza e tutela legale (avvocati e studi legali);<\/li>\n<li>Soggetti esterni in qualit\u00e0 di responsabili del trattamento dei Suoi dati personali, al fine di tutelare il patrimonio aziendale (es: tecnici hardware, software, di rete e di posta elettronica).<\/li>\n<\/ul>\n<p>Si precisa che tutte le figure sopra citate sono vincolate al titolare del trattamento da un apposito contratto prevedente misure adeguate da adottare per garantire la protezione dei Suoi dati personali, ai sensi dell\u2019art. 28 del reg. (U.E.).<\/p>\n<p><strong>Decisione di trasferire i Suoi dati personali verso un Paese terzo o un\u2019Organizzazione internazionale: <\/strong><\/p>\n<p>Il titolare del trattamento ha deciso di non trasferire i Suoi dati personali verso un Paese terzo o un\u2019Organizzazione internazionale, in quanto \u00e8 stato valutato come attualmente non necessario.<\/p>\n<p><strong>Periodo di conservazione dei Suoi dati personali: <\/strong><\/p>\n<p><strong>EUROSUOLE S.p.A.<\/strong> conserver\u00e0 i Suoi dati personali ai fini dell\u2019esecuzione di attivit\u00e0 preliminari alla stipulazione di un contratto (prodotti e\/o servizi), in una forma che consenta la Sua identificazione, per il tempo occorrente per il compimento di tali attivit\u00e0 e per un ulteriore arco temporale pari a 5 anni, ai fini del perseguimento del proprio legittimo interesse, per poi provvedere alla relativa distruzione o cancellazione.<\/p>\n<p><strong>EUROSUOLE S.p.A.<\/strong> conserver\u00e0 i Suoi dati personali ai fini dell\u2019esecuzione del contratto (prodotti e\/o servizi), della tutela del patrimonio aziendale, dell\u2019adempimento di un obbligo civilistico e fiscale, dell\u2019adempimento di un obbligo in materia di protezione dei dati personali e di qualsiasi altro obbligo sancito da una disposizione normativa, in una forma che consenta la Sua identificazione, per un arco temporale pari all\u2019esecuzione del contratto e per un ulteriore arco temporale di 10 anni e comunque nei limiti del termine di prescrizione ordinaria, per poi provvedere alla relativa distruzione o cancellazione.<\/p>\n<p><strong>EUROSUOLE S.p.A<\/strong>. conserver\u00e0 i Suoi dati personali ai fini dell\u2019eventuale esercizio del diritto di difesa, per un arco temporale pari all\u2019eventuale tutela legale nei Suoi confronti, per poi provvedere alla relativa distruzione o cancellazione.<\/p>\n<p><strong>Suoi diritti:<\/strong><\/p>\n<p>Lei, in qualit\u00e0 di Interessato, pu\u00f2 esercitare i seguenti diritti inviando une e-mail all\u2019indirizzo \u2018<strong>info@eurosuole.com<\/strong>\u2019:<\/p>\n<ul>\n<li>Accedere ai Suoi dati personali, ai sensi dell\u2019art. 15 del reg. (U.E.) al fine di verificare lo svolgimento di un trattamento dei Suoi dati personali e, in caso affermativo:\n<ul class=\"mt-4\">\n<li>Ottenere informazioni sulle finalit\u00e0 di tale trattamento;<\/li>\n<li>Ottenere informazioni sulle categorie di Suoi dati personali trattati;o ottenere informazioni sulle eventuali categorie di destinatari dei Suoi dati personali;<\/li>\n<li>Ottenere informazioni sul periodo di conservazione dei Suoi dati personali;<\/li>\n<li>Ottenere informazioni sulla sussistenza del Suo diritto di rettificare o cancellare i Suoi dati personali oppure sul Suo diritto di limitare il trattamento degli stessi;<\/li>\n<li>Ottenere informazioni sulla sussistenza del Suo diritto di proporre un reclamo al Garante per la protezione dei dati personali;<\/li>\n<li>Ottenere informazioni sull\u2019eventuale impiego di un processo decisionale automatizzato nel trattamento dei Suoi dati personali, includenti la logica utilizzata e le conseguenze nei Suoi confronti previste a causa di un simile trattamento;<\/li>\n<\/ul>\n<\/li>\n<li>Rettificare i Suoi dati personali, ai sensi dell\u2019art. 16 del reg. (U.E.), in caso di sopravvenuta contestazione dell\u2019esattezza degli stessi;<\/li>\n<li>Integrare i Suoi dati personali, ai sensi dell\u2019art. 16 del reg. (U.E.), in caso di sopravvenuta contestazione della completezza degli stessi;<\/li>\n<li>Cancellare i Suoi dati personali, ai sensi dell\u2019art. 17 del reg. (U.E.), a meno di necessit\u00e0 di adempiere ad un obbligo legale contrario o accertare, esercitare o difendere un diritto in sede giudiziaria, in caso di:\n<ul class=\"mt-4\">\n<li>Sopravvenuta assenza di necessit\u00e0 di trattare tali dati personali per le dichiarate finalit\u00e0;<\/li>\n<li>Sopravvenuto esercizio del Suo diritto di opposizione al trattamento, escludente la prevalenza dell\u2019interesse legittimo del titolare del trattamento sui Suoi interessi o diritti e libert\u00e0 fondamentali;<\/li>\n<li>Sopravvenuto accertamento dell\u2019illiceit\u00e0 del trattamento dei Suoi dati personali;<\/li>\n<li>Sopravvenuta sussistenza di un obbligo legale imponente la cancellazione di tali dati personali;<\/li>\n<\/ul>\n<\/li>\n<li>Limitare il trattamento dei Suoi dati personali, ai sensi dell\u2019art. 18 del reg. (U.E.), in caso di:\n<ul class=\"mt-4\">\n<li>sopravvenuta contestazione dell\u2019esattezza di tali dati personali, anche se limitatamente all\u2019arco temporale necessario alla conseguente verifica da parte del titolare del trattamento;<\/li>\n<li>sopravvenuto accertamento dell\u2019illiceit\u00e0 del trattamento dei Suoi dati personali, integrato dalla successiva opposizione alla cancellazione degli stessi;<\/li>\n<li>sopravvenuta assenza di necessit\u00e0 di trattare tali dati personali per le dichiarate finalit\u00e0, integrata dalla contemporanea necessit\u00e0 di trattare gli stessi per accertare, esercitare o difendere un diritto in sede giudiziaria;<\/li>\n<li>sopravvenuto esercizio del Suo diritto di opposizione al trattamento, anche se limitatamente all\u2019arco temporale necessario alla conseguente verifica da parte del titolare del trattamento;<\/li>\n<\/ul>\n<\/li>\n<li>Ricevere in formato strutturato, di uso comune e leggibile da strumento elettronico e, eventualmente, far trasmettere ad un altro titolare del trattamento, ai sensi dell\u2019art. 20 del reg. (U.E.), i Suoi dati personali trattati da parte del titolare del trattamento con mezzi automatizzati;<\/li>\n<li>Opporsi al trattamento dei Suoi dati personali, ai sensi dell\u2019art. 21 del reg. (U.E.), in caso di sopravvenuta contestazione della prevalenza dell\u2019interesse legittimo del titolare del trattamento sui Suoi interessi o diritti e libert\u00e0 fondamentali.<\/li>\n<\/ul>\n<p><strong>EUROSUOLE S.p.A.<\/strong> provveder\u00e0 ad assecondare ogni Sua eventuale legittima richiesta senza ingiustificato ritardo.<\/p>\n<p><strong> Suo diritto di proporre un reclamo: <\/strong><\/p>\n<p>Lei, in qualit\u00e0 di Interessato, pu\u00f2 esercitare il diritto di proporre un reclamo al Garante per la protezione dei dati personali, in caso di sopravvenuta contestazione delle conformit\u00e0 al reg. (U.E.) del trattamento dei Suoi dati personali svolto del titolare del trattamento, ai sensi dell\u2019art. 77 del reg. (U.E.) medesimo, inoltrando l\u2019apposito modulo all\u2019indirizzo e-mail \u2018<strong>protocollo@pec.gpdp.it<\/strong>\u2019.<\/p>\n<p><strong>Natura della comunicazione dei Suoi dati personali: <\/strong><\/p>\n<p>La Sua comunicazione al titolare del trattamento dei Suoi dati personali \u00e8 contrattualmente obbligatoria per quanto concerne l\u2019espletamento delle attivit\u00e0 preliminari alla stipulazione di un contratto (prodotti e\/o servizi) e l\u2019eventuale esecuzione di quest\u2019ultimo, per adempiere a un obbligo civilistico e fiscale, per adempiere a un obbligo in materia di protezione dei dati personali e a qualsiasi altro obbligo sancito da una disposizione normativa cui \u00e8 soggetto il titolare del trattamento.<\/p>\n<p>Si fa presente che il Suo eventuale rifiuto a fornire tali dati personali comporterebbe per il titolare del trattamento l\u2019impossibilit\u00e0 di adempiere alle appena citate finalit\u00e0.<\/p>\n<p><strong>Decisione di impiegare un sistema decisionale automatizzato nel trattamento dei Suoi dati personali:<\/strong><\/p>\n<p>Il titolare del trattamento ha deciso di non impiegare un sistema decisionale automatizzato nel trattamento dei Suoi dati personali, in quanto attualmente non necessario.<\/p>\n","protected":false},"excerpt":{"rendered":"<p>Gentile Fornitore, conformemente a quanto previsto dall\u2019art. 13 del reg. (U.E.) n. 679\/2016 del Parlamento europeo e del Consiglio del 27 aprile 2016, relativo alla protezione delle persone fisiche con riguardo al trattamento dei dati personali, nonch\u00e9 alla libera circolazione di tali dati &#8211; da qui in poi, reg. (U.E.) &#8211; Le forniamo le seguenti &hellip; <a href=\"https:\/\/www.eurosuole.com\/en\/informativa-privacy-fornitori\/\">Continued<\/a><\/p>\n","protected":false},"author":1,"featured_media":0,"parent":0,"menu_order":0,"comment_status":"closed","ping_status":"closed","template":"views\/template-privacy.blade.php","meta":{"footnotes":""},"class_list":["post-322","page","type-page","status-publish","hentry"],"acf":[],"yoast_head":"<!-- This site is optimized with the Yoast SEO plugin v17.6 - https:\/\/yoast.com\/wordpress\/plugins\/seo\/ -->\n<title>Informativa privacy fornitori - Eurosuole<\/title>\n<meta name=\"robots\" content=\"index, follow, max-snippet:-1, max-image-preview:large, max-video-preview:-1\" \/>\n<link rel=\"canonical\" href=\"https:\/\/www.eurosuole.com\/en\/informativa-privacy-fornitori\/\" \/>\n<meta property=\"og:locale\" content=\"en_US\" \/>\n<meta property=\"og:type\" content=\"article\" \/>\n<meta property=\"og:title\" content=\"Informativa privacy fornitori - Eurosuole\" \/>\n<meta property=\"og:description\" content=\"Gentile Fornitore, conformemente a quanto previsto dall\u2019art. 13 del reg. (U.E.) n. 679\/2016 del Parlamento europeo e del Consiglio del 27 aprile 2016, relativo alla protezione delle persone fisiche con riguardo al trattamento dei dati personali, nonch\u00e9 alla libera circolazione di tali dati &#8211; da qui in poi, reg. (U.E.) &#8211; Le forniamo le seguenti &hellip; Continued\" \/>\n<meta property=\"og:url\" content=\"https:\/\/www.eurosuole.com\/en\/informativa-privacy-fornitori\/\" \/>\n<meta property=\"og:site_name\" content=\"Eurosuole\" \/>\n<meta name=\"twitter:card\" content=\"summary_large_image\" \/>\n<meta name=\"twitter:label1\" content=\"Est. reading time\" \/>\n\t<meta name=\"twitter:data1\" content=\"9 minutes\" \/>\n<script type=\"application\/ld+json\" class=\"yoast-schema-graph\">{\"@context\":\"https:\/\/schema.org\",\"@graph\":[{\"@type\":\"WebSite\",\"@id\":\"https:\/\/www.eurosuole.com\/#website\",\"url\":\"https:\/\/www.eurosuole.com\/\",\"name\":\"Eurosuole\",\"description\":\"Un nuovo sito targato WordPress\",\"potentialAction\":[{\"@type\":\"SearchAction\",\"target\":{\"@type\":\"EntryPoint\",\"urlTemplate\":\"https:\/\/www.eurosuole.com\/?s={search_term_string}\"},\"query-input\":\"required name=search_term_string\"}],\"inLanguage\":\"en-US\"},{\"@type\":\"WebPage\",\"@id\":\"https:\/\/www.eurosuole.com\/en\/informativa-privacy-fornitori\/#webpage\",\"url\":\"https:\/\/www.eurosuole.com\/en\/informativa-privacy-fornitori\/\",\"name\":\"Informativa privacy fornitori - Eurosuole\",\"isPartOf\":{\"@id\":\"https:\/\/www.eurosuole.com\/#website\"},\"datePublished\":\"2021-07-09T08:00:29+00:00\",\"dateModified\":\"2021-07-09T08:00:29+00:00\",\"breadcrumb\":{\"@id\":\"https:\/\/www.eurosuole.com\/en\/informativa-privacy-fornitori\/#breadcrumb\"},\"inLanguage\":\"en-US\",\"potentialAction\":[{\"@type\":\"ReadAction\",\"target\":[\"https:\/\/www.eurosuole.com\/en\/informativa-privacy-fornitori\/\"]}]},{\"@type\":\"BreadcrumbList\",\"@id\":\"https:\/\/www.eurosuole.com\/en\/informativa-privacy-fornitori\/#breadcrumb\",\"itemListElement\":[{\"@type\":\"ListItem\",\"position\":1,\"name\":\"Home\",\"item\":\"https:\/\/www.eurosuole.com\/en\/\"},{\"@type\":\"ListItem\",\"position\":2,\"name\":\"Informativa privacy fornitori\"}]}]}<\/script>\n<!-- \/ Yoast SEO plugin. -->","yoast_head_json":{"title":"Informativa privacy fornitori - Eurosuole","robots":{"index":"index","follow":"follow","max-snippet":"max-snippet:-1","max-image-preview":"max-image-preview:large","max-video-preview":"max-video-preview:-1"},"canonical":"https:\/\/www.eurosuole.com\/en\/informativa-privacy-fornitori\/","og_locale":"en_US","og_type":"article","og_title":"Informativa privacy fornitori - Eurosuole","og_description":"Gentile Fornitore, conformemente a quanto previsto dall\u2019art. 13 del reg. (U.E.) n. 679\/2016 del Parlamento europeo e del Consiglio del 27 aprile 2016, relativo alla protezione delle persone fisiche con riguardo al trattamento dei dati personali, nonch\u00e9 alla libera circolazione di tali dati &#8211; da qui in poi, reg. (U.E.) &#8211; Le forniamo le seguenti &hellip; Continued","og_url":"https:\/\/www.eurosuole.com\/en\/informativa-privacy-fornitori\/","og_site_name":"Eurosuole","twitter_card":"summary_large_image","twitter_misc":{"Est. reading time":"9 minutes"},"schema":{"@context":"https:\/\/schema.org","@graph":[{"@type":"WebSite","@id":"https:\/\/www.eurosuole.com\/#website","url":"https:\/\/www.eurosuole.com\/","name":"Eurosuole","description":"Un nuovo sito targato WordPress","potentialAction":[{"@type":"SearchAction","target":{"@type":"EntryPoint","urlTemplate":"https:\/\/www.eurosuole.com\/?s={search_term_string}"},"query-input":"required name=search_term_string"}],"inLanguage":"en-US"},{"@type":"WebPage","@id":"https:\/\/www.eurosuole.com\/en\/informativa-privacy-fornitori\/#webpage","url":"https:\/\/www.eurosuole.com\/en\/informativa-privacy-fornitori\/","name":"Informativa privacy fornitori - Eurosuole","isPartOf":{"@id":"https:\/\/www.eurosuole.com\/#website"},"datePublished":"2021-07-09T08:00:29+00:00","dateModified":"2021-07-09T08:00:29+00:00","breadcrumb":{"@id":"https:\/\/www.eurosuole.com\/en\/informativa-privacy-fornitori\/#breadcrumb"},"inLanguage":"en-US","potentialAction":[{"@type":"ReadAction","target":["https:\/\/www.eurosuole.com\/en\/informativa-privacy-fornitori\/"]}]},{"@type":"BreadcrumbList","@id":"https:\/\/www.eurosuole.com\/en\/informativa-privacy-fornitori\/#breadcrumb","itemListElement":[{"@type":"ListItem","position":1,"name":"Home","item":"https:\/\/www.eurosuole.com\/en\/"},{"@type":"ListItem","position":2,"name":"Informativa privacy fornitori"}]}]}},"_links":{"self":[{"href":"https:\/\/www.eurosuole.com\/en\/wp-json\/wp\/v2\/pages\/322","targetHints":{"allow":["GET"]}}],"collection":[{"href":"https:\/\/www.eurosuole.com\/en\/wp-json\/wp\/v2\/pages"}],"about":[{"href":"https:\/\/www.eurosuole.com\/en\/wp-json\/wp\/v2\/types\/page"}],"author":[{"embeddable":true,"href":"https:\/\/www.eurosuole.com\/en\/wp-json\/wp\/v2\/users\/1"}],"replies":[{"embeddable":true,"href":"https:\/\/www.eurosuole.com\/en\/wp-json\/wp\/v2\/comments?post=322"}],"version-history":[{"count":0,"href":"https:\/\/www.eurosuole.com\/en\/wp-json\/wp\/v2\/pages\/322\/revisions"}],"wp:attachment":[{"href":"https:\/\/www.eurosuole.com\/en\/wp-json\/wp\/v2\/media?parent=322"}],"curies":[{"name":"wp","href":"https:\/\/api.w.org\/{rel}","templated":true}]}}